{"id":427,"date":"2026-02-11T18:55:43","date_gmt":"2026-02-11T17:55:43","guid":{"rendered":"https:\/\/www.sklep.optim-x.pl\/?post_type=product&#038;p=427"},"modified":"2026-02-11T18:59:37","modified_gmt":"2026-02-11T17:59:37","slug":"lampka-gamingowa-maly-gracz-dla-dziecka","status":"publish","type":"product","link":"https:\/\/www.sklep.optim-x.pl\/?product=lampka-gamingowa-maly-gracz-dla-dziecka","title":{"rendered":"Lampka gamingowa Ma\u0142y Gracz dla dziecka"},"content":{"rendered":"<p>Lampka Ma\u0142y Gracz, LED w zestawie. Zasilanie na baterie AAA x 3.<\/p>\n<p>Rozmiar ~ : 20,5 x 12 x 4,5 cm<\/p>\n<p>Mo\u017cliwo\u015b\u0107 zam\u00f3wienia innego napisu, np. Imi\u0119 w podobnym rozmiarze.<\/p>\n","protected":false},"excerpt":{"rendered":"<p>Lampka Ma\u0142y Gracz, LED w zestawie. Zasilanie na baterie AAA x 3. Rozmiar ~ : 20,5 x 12 x 4,5 cm Mo\u017cliwo\u015b\u0107 zam\u00f3wienia innego napisu, np. Imi\u0119 w podobnym rozmiarze.<\/p>\n","protected":false},"featured_media":430,"template":"","meta":[],"product_brand":[],"product_cat":[15],"product_tag":[],"class_list":{"0":"post-427","1":"product","2":"type-product","3":"status-publish","4":"has-post-thumbnail","6":"product_cat-inne","7":"product_shipping_class-duze-produkty","9":"first","10":"onbackorder","11":"sale","12":"shipping-taxable","13":"purchasable","14":"product-type-simple"},"_links":{"self":[{"href":"https:\/\/www.sklep.optim-x.pl\/index.php?rest_route=\/wp\/v2\/product\/427","targetHints":{"allow":["GET"]}}],"collection":[{"href":"https:\/\/www.sklep.optim-x.pl\/index.php?rest_route=\/wp\/v2\/product"}],"about":[{"href":"https:\/\/www.sklep.optim-x.pl\/index.php?rest_route=\/wp\/v2\/types\/product"}],"wp:featuredmedia":[{"embeddable":true,"href":"https:\/\/www.sklep.optim-x.pl\/index.php?rest_route=\/wp\/v2\/media\/430"}],"wp:attachment":[{"href":"https:\/\/www.sklep.optim-x.pl\/index.php?rest_route=%2Fwp%2Fv2%2Fmedia&parent=427"}],"wp:term":[{"taxonomy":"product_brand","embeddable":true,"href":"https:\/\/www.sklep.optim-x.pl\/index.php?rest_route=%2Fwp%2Fv2%2Fproduct_brand&post=427"},{"taxonomy":"product_cat","embeddable":true,"href":"https:\/\/www.sklep.optim-x.pl\/index.php?rest_route=%2Fwp%2Fv2%2Fproduct_cat&post=427"},{"taxonomy":"product_tag","embeddable":true,"href":"https:\/\/www.sklep.optim-x.pl\/index.php?rest_route=%2Fwp%2Fv2%2Fproduct_tag&post=427"}],"curies":[{"name":"wp","href":"https:\/\/api.w.org\/{rel}","templated":true}]}}