{"id":425,"date":"2026-02-08T18:35:25","date_gmt":"2026-02-08T17:35:25","guid":{"rendered":"https:\/\/www.sklep.optim-x.pl\/?post_type=product&#038;p=425"},"modified":"2026-02-08T18:35:25","modified_gmt":"2026-02-08T17:35:25","slug":"jez-prezent-urodzinowy-merci","status":"publish","type":"product","link":"https:\/\/www.sklep.optim-x.pl\/?product=jez-prezent-urodzinowy-merci","title":{"rendered":"Je\u017c prezent urodzinowy Merci"},"content":{"rendered":"<p>Je\u017c na czekoladki merci, idealny na prezent i jako pocz\u0119stunek dla go\u015bci.<\/p>\n<p>Kupujesz model 3d je\u017c z druku, bez czekoladek.<\/p>\n","protected":false},"excerpt":{"rendered":"<p>Je\u017c na czekoladki merci, idealny na prezent i jako pocz\u0119stunek dla go\u015bci. Kupujesz model 3d je\u017c z druku, bez czekoladek.<\/p>\n","protected":false},"featured_media":426,"template":"","meta":[],"product_brand":[],"product_cat":[15],"product_tag":[],"class_list":{"0":"post-425","1":"product","2":"type-product","3":"status-publish","4":"has-post-thumbnail","6":"product_cat-inne","7":"product_shipping_class-duze-produkty","9":"first","10":"onbackorder","11":"sale","12":"shipping-taxable","13":"purchasable","14":"product-type-simple"},"_links":{"self":[{"href":"https:\/\/www.sklep.optim-x.pl\/index.php?rest_route=\/wp\/v2\/product\/425","targetHints":{"allow":["GET"]}}],"collection":[{"href":"https:\/\/www.sklep.optim-x.pl\/index.php?rest_route=\/wp\/v2\/product"}],"about":[{"href":"https:\/\/www.sklep.optim-x.pl\/index.php?rest_route=\/wp\/v2\/types\/product"}],"wp:featuredmedia":[{"embeddable":true,"href":"https:\/\/www.sklep.optim-x.pl\/index.php?rest_route=\/wp\/v2\/media\/426"}],"wp:attachment":[{"href":"https:\/\/www.sklep.optim-x.pl\/index.php?rest_route=%2Fwp%2Fv2%2Fmedia&parent=425"}],"wp:term":[{"taxonomy":"product_brand","embeddable":true,"href":"https:\/\/www.sklep.optim-x.pl\/index.php?rest_route=%2Fwp%2Fv2%2Fproduct_brand&post=425"},{"taxonomy":"product_cat","embeddable":true,"href":"https:\/\/www.sklep.optim-x.pl\/index.php?rest_route=%2Fwp%2Fv2%2Fproduct_cat&post=425"},{"taxonomy":"product_tag","embeddable":true,"href":"https:\/\/www.sklep.optim-x.pl\/index.php?rest_route=%2Fwp%2Fv2%2Fproduct_tag&post=425"}],"curies":[{"name":"wp","href":"https:\/\/api.w.org\/{rel}","templated":true}]}}