{"id":394,"date":"2025-10-21T10:53:27","date_gmt":"2025-10-21T09:53:27","guid":{"rendered":"https:\/\/www.sklep.optim-x.pl\/?post_type=product&#038;p=394"},"modified":"2025-11-05T21:31:33","modified_gmt":"2025-11-05T20:31:33","slug":"majster-mp0083-koncowka-rura-przedluzka","status":"publish","type":"product","link":"https:\/\/www.sklep.optim-x.pl\/?product=majster-mp0083-koncowka-rura-przedluzka","title":{"rendered":"Majster MP0083 ko\u0144c\u00f3wka rura przed\u0142u\u017cka"},"content":{"rendered":"<p>Ko\u0144c\u00f3wka do li\u015bci , przed\u0142u\u017cka nadmuchu do majster pro mp 0083.<\/p>\n","protected":false},"excerpt":{"rendered":"<p>Ko\u0144c\u00f3wka do li\u015bci , przed\u0142u\u017cka nadmuchu do majster pro mp 0083.<\/p>\n","protected":false},"featured_media":395,"template":"","meta":[],"product_brand":[],"product_cat":[26],"product_tag":[55,54],"class_list":{"0":"post-394","1":"product","2":"type-product","3":"status-publish","4":"has-post-thumbnail","6":"product_cat-akcesoria","7":"product_tag-dmuchawa","8":"product_tag-mp-0083","10":"first","11":"onbackorder","12":"shipping-taxable","13":"purchasable","14":"product-type-simple"},"_links":{"self":[{"href":"https:\/\/www.sklep.optim-x.pl\/index.php?rest_route=\/wp\/v2\/product\/394","targetHints":{"allow":["GET"]}}],"collection":[{"href":"https:\/\/www.sklep.optim-x.pl\/index.php?rest_route=\/wp\/v2\/product"}],"about":[{"href":"https:\/\/www.sklep.optim-x.pl\/index.php?rest_route=\/wp\/v2\/types\/product"}],"wp:featuredmedia":[{"embeddable":true,"href":"https:\/\/www.sklep.optim-x.pl\/index.php?rest_route=\/wp\/v2\/media\/395"}],"wp:attachment":[{"href":"https:\/\/www.sklep.optim-x.pl\/index.php?rest_route=%2Fwp%2Fv2%2Fmedia&parent=394"}],"wp:term":[{"taxonomy":"product_brand","embeddable":true,"href":"https:\/\/www.sklep.optim-x.pl\/index.php?rest_route=%2Fwp%2Fv2%2Fproduct_brand&post=394"},{"taxonomy":"product_cat","embeddable":true,"href":"https:\/\/www.sklep.optim-x.pl\/index.php?rest_route=%2Fwp%2Fv2%2Fproduct_cat&post=394"},{"taxonomy":"product_tag","embeddable":true,"href":"https:\/\/www.sklep.optim-x.pl\/index.php?rest_route=%2Fwp%2Fv2%2Fproduct_tag&post=394"}],"curies":[{"name":"wp","href":"https:\/\/api.w.org\/{rel}","templated":true}]}}