{"id":392,"date":"2025-10-21T10:50:20","date_gmt":"2025-10-21T09:50:20","guid":{"rendered":"https:\/\/www.sklep.optim-x.pl\/?post_type=product&#038;p=392"},"modified":"2025-11-05T21:31:41","modified_gmt":"2025-11-05T20:31:41","slug":"majster-koncowka-dmuchawy-nakladka-zwezka-do-45mm","status":"publish","type":"product","link":"https:\/\/www.sklep.optim-x.pl\/?product=majster-koncowka-dmuchawy-nakladka-zwezka-do-45mm","title":{"rendered":"Majster ko\u0144c\u00f3wka dmuchawy nak\u0142adka zw\u0119\u017cka do 45mm"},"content":{"rendered":"<p>Nak\u0142adka do MP 0083 Majster Pro , zw\u0119\u017cka do 45mm, idealna do punktowego nadmuchu przy mniejszych obrotach .<\/p>\n","protected":false},"excerpt":{"rendered":"<p>Nak\u0142adka do MP 0083 Majster Pro , zw\u0119\u017cka do 45mm, idealna do punktowego nadmuchu przy mniejszych obrotach .<\/p>\n","protected":false},"featured_media":393,"template":"","meta":[],"product_brand":[],"product_cat":[26],"product_tag":[52,53],"class_list":{"0":"post-392","1":"product","2":"type-product","3":"status-publish","4":"has-post-thumbnail","6":"product_cat-akcesoria","7":"product_tag-majster-pro","8":"product_tag-mp0083","10":"first","11":"onbackorder","12":"shipping-taxable","13":"purchasable","14":"product-type-simple"},"_links":{"self":[{"href":"https:\/\/www.sklep.optim-x.pl\/index.php?rest_route=\/wp\/v2\/product\/392","targetHints":{"allow":["GET"]}}],"collection":[{"href":"https:\/\/www.sklep.optim-x.pl\/index.php?rest_route=\/wp\/v2\/product"}],"about":[{"href":"https:\/\/www.sklep.optim-x.pl\/index.php?rest_route=\/wp\/v2\/types\/product"}],"wp:featuredmedia":[{"embeddable":true,"href":"https:\/\/www.sklep.optim-x.pl\/index.php?rest_route=\/wp\/v2\/media\/393"}],"wp:attachment":[{"href":"https:\/\/www.sklep.optim-x.pl\/index.php?rest_route=%2Fwp%2Fv2%2Fmedia&parent=392"}],"wp:term":[{"taxonomy":"product_brand","embeddable":true,"href":"https:\/\/www.sklep.optim-x.pl\/index.php?rest_route=%2Fwp%2Fv2%2Fproduct_brand&post=392"},{"taxonomy":"product_cat","embeddable":true,"href":"https:\/\/www.sklep.optim-x.pl\/index.php?rest_route=%2Fwp%2Fv2%2Fproduct_cat&post=392"},{"taxonomy":"product_tag","embeddable":true,"href":"https:\/\/www.sklep.optim-x.pl\/index.php?rest_route=%2Fwp%2Fv2%2Fproduct_tag&post=392"}],"curies":[{"name":"wp","href":"https:\/\/api.w.org\/{rel}","templated":true}]}}