{"id":379,"date":"2025-09-07T15:17:22","date_gmt":"2025-09-07T14:17:22","guid":{"rendered":"https:\/\/www.sklep.optim-x.pl\/?post_type=product&#038;p=379"},"modified":"2025-11-05T21:31:53","modified_gmt":"2025-11-05T20:31:53","slug":"dzwignia-sprzegla-optimum","status":"publish","type":"product","link":"https:\/\/www.sklep.optim-x.pl\/?product=dzwignia-sprzegla-optimum","title":{"rendered":"D\u017awignia sprz\u0119g\u0142a OPTIMUM"},"content":{"rendered":"<p>D\u017awignia sprz\u0119g\u0142a OPTIMUM, zamiennik druk 3D. Cz\u0119\u015b\u0107 do nap\u0119du bramy.<\/p>\n","protected":false},"excerpt":{"rendered":"<p>D\u017awignia sprz\u0119g\u0142a OPTIMUM, zamiennik druk 3D. Cz\u0119\u015b\u0107 do nap\u0119du bramy.<\/p>\n","protected":false},"featured_media":164,"template":"","meta":[],"product_brand":[],"product_cat":[31],"product_tag":[51],"class_list":{"0":"post-379","1":"product","2":"type-product","3":"status-publish","4":"has-post-thumbnail","6":"product_cat-czesci-zamienne","7":"product_tag-dzwignia-sprzegla-optimum","8":"product_shipping_class-male-produkty","10":"first","11":"onbackorder","12":"shipping-taxable","13":"purchasable","14":"product-type-simple"},"_links":{"self":[{"href":"https:\/\/www.sklep.optim-x.pl\/index.php?rest_route=\/wp\/v2\/product\/379","targetHints":{"allow":["GET"]}}],"collection":[{"href":"https:\/\/www.sklep.optim-x.pl\/index.php?rest_route=\/wp\/v2\/product"}],"about":[{"href":"https:\/\/www.sklep.optim-x.pl\/index.php?rest_route=\/wp\/v2\/types\/product"}],"wp:featuredmedia":[{"embeddable":true,"href":"https:\/\/www.sklep.optim-x.pl\/index.php?rest_route=\/wp\/v2\/media\/164"}],"wp:attachment":[{"href":"https:\/\/www.sklep.optim-x.pl\/index.php?rest_route=%2Fwp%2Fv2%2Fmedia&parent=379"}],"wp:term":[{"taxonomy":"product_brand","embeddable":true,"href":"https:\/\/www.sklep.optim-x.pl\/index.php?rest_route=%2Fwp%2Fv2%2Fproduct_brand&post=379"},{"taxonomy":"product_cat","embeddable":true,"href":"https:\/\/www.sklep.optim-x.pl\/index.php?rest_route=%2Fwp%2Fv2%2Fproduct_cat&post=379"},{"taxonomy":"product_tag","embeddable":true,"href":"https:\/\/www.sklep.optim-x.pl\/index.php?rest_route=%2Fwp%2Fv2%2Fproduct_tag&post=379"}],"curies":[{"name":"wp","href":"https:\/\/api.w.org\/{rel}","templated":true}]}}