{"id":372,"date":"2025-07-25T19:02:12","date_gmt":"2025-07-25T18:02:12","guid":{"rendered":"https:\/\/www.sklep.optim-x.pl\/?post_type=product&#038;p=372"},"modified":"2025-11-05T21:32:02","modified_gmt":"2025-11-05T20:32:02","slug":"4garden-apk-2521-oslona-glowicy-pokrywa","status":"publish","type":"product","link":"https:\/\/www.sklep.optim-x.pl\/?product=4garden-apk-2521-oslona-glowicy-pokrywa","title":{"rendered":"4garden APK 2521 os\u0142ona g\u0142owicy pokrywa"},"content":{"rendered":"<p>Nak\u0142adka g\u0142owicy 4garden APK 2521<\/p>\n","protected":false},"excerpt":{"rendered":"<p>Nak\u0142adka g\u0142owicy 4garden APK 2521<\/p>\n","protected":false},"featured_media":382,"template":"","meta":[],"product_brand":[],"product_cat":[31],"product_tag":[],"class_list":{"0":"post-372","1":"product","2":"type-product","3":"status-publish","4":"has-post-thumbnail","6":"product_cat-czesci-zamienne","8":"first","9":"onbackorder","10":"shipping-taxable","11":"purchasable","12":"product-type-simple"},"_links":{"self":[{"href":"https:\/\/www.sklep.optim-x.pl\/index.php?rest_route=\/wp\/v2\/product\/372","targetHints":{"allow":["GET"]}}],"collection":[{"href":"https:\/\/www.sklep.optim-x.pl\/index.php?rest_route=\/wp\/v2\/product"}],"about":[{"href":"https:\/\/www.sklep.optim-x.pl\/index.php?rest_route=\/wp\/v2\/types\/product"}],"wp:featuredmedia":[{"embeddable":true,"href":"https:\/\/www.sklep.optim-x.pl\/index.php?rest_route=\/wp\/v2\/media\/382"}],"wp:attachment":[{"href":"https:\/\/www.sklep.optim-x.pl\/index.php?rest_route=%2Fwp%2Fv2%2Fmedia&parent=372"}],"wp:term":[{"taxonomy":"product_brand","embeddable":true,"href":"https:\/\/www.sklep.optim-x.pl\/index.php?rest_route=%2Fwp%2Fv2%2Fproduct_brand&post=372"},{"taxonomy":"product_cat","embeddable":true,"href":"https:\/\/www.sklep.optim-x.pl\/index.php?rest_route=%2Fwp%2Fv2%2Fproduct_cat&post=372"},{"taxonomy":"product_tag","embeddable":true,"href":"https:\/\/www.sklep.optim-x.pl\/index.php?rest_route=%2Fwp%2Fv2%2Fproduct_tag&post=372"}],"curies":[{"name":"wp","href":"https:\/\/api.w.org\/{rel}","templated":true}]}}