{"id":357,"date":"2025-05-13T19:44:44","date_gmt":"2025-05-13T18:44:44","guid":{"rendered":"https:\/\/www.sklep.optim-x.pl\/?post_type=product&#038;p=357"},"modified":"2025-11-05T21:32:12","modified_gmt":"2025-11-05T20:32:12","slug":"magnetyczny-korek-lpg","status":"publish","type":"product","link":"https:\/\/www.sklep.optim-x.pl\/?product=magnetyczny-korek-lpg","title":{"rendered":"Magnetyczny korek LPG"},"content":{"rendered":"<p>Korek magnetyczny do samochod\u00f3w z instalacj\u0105 LPG<\/p>\n<p>Zdj\u0119cie wtyczki pod instalacj\u0119 znajdziesz w galerii.<\/p>\n<p>Korek w kolorze niebieskim, potrzebujesz inny kolor daj zna\u0107!<\/p>\n<p>Wyposa\u017cony w 4 magnesy na okr\u0119gu.<\/p>\n","protected":false},"excerpt":{"rendered":"<p>Korek magnetyczny do samochod\u00f3w z instalacj\u0105 LPG Zdj\u0119cie wtyczki pod instalacj\u0119 znajdziesz w galerii. Korek w kolorze niebieskim, potrzebujesz inny kolor daj zna\u0107! Wyposa\u017cony w 4 magnesy na okr\u0119gu.<\/p>\n","protected":false},"featured_media":358,"template":"","meta":[],"product_brand":[],"product_cat":[15],"product_tag":[],"class_list":{"0":"post-357","1":"product","2":"type-product","3":"status-publish","4":"has-post-thumbnail","6":"product_cat-inne","7":"product_shipping_class-male-produkty","9":"first","10":"onbackorder","11":"sale","12":"shipping-taxable","13":"purchasable","14":"product-type-simple"},"_links":{"self":[{"href":"https:\/\/www.sklep.optim-x.pl\/index.php?rest_route=\/wp\/v2\/product\/357","targetHints":{"allow":["GET"]}}],"collection":[{"href":"https:\/\/www.sklep.optim-x.pl\/index.php?rest_route=\/wp\/v2\/product"}],"about":[{"href":"https:\/\/www.sklep.optim-x.pl\/index.php?rest_route=\/wp\/v2\/types\/product"}],"wp:featuredmedia":[{"embeddable":true,"href":"https:\/\/www.sklep.optim-x.pl\/index.php?rest_route=\/wp\/v2\/media\/358"}],"wp:attachment":[{"href":"https:\/\/www.sklep.optim-x.pl\/index.php?rest_route=%2Fwp%2Fv2%2Fmedia&parent=357"}],"wp:term":[{"taxonomy":"product_brand","embeddable":true,"href":"https:\/\/www.sklep.optim-x.pl\/index.php?rest_route=%2Fwp%2Fv2%2Fproduct_brand&post=357"},{"taxonomy":"product_cat","embeddable":true,"href":"https:\/\/www.sklep.optim-x.pl\/index.php?rest_route=%2Fwp%2Fv2%2Fproduct_cat&post=357"},{"taxonomy":"product_tag","embeddable":true,"href":"https:\/\/www.sklep.optim-x.pl\/index.php?rest_route=%2Fwp%2Fv2%2Fproduct_tag&post=357"}],"curies":[{"name":"wp","href":"https:\/\/api.w.org\/{rel}","templated":true}]}}