{"id":324,"date":"2025-03-27T20:41:06","date_gmt":"2025-03-27T19:41:06","guid":{"rendered":"https:\/\/www.sklep.optim-x.pl\/?post_type=product&#038;p=324"},"modified":"2026-03-15T17:18:17","modified_gmt":"2026-03-15T16:18:17","slug":"podkladka-pod-kubek-z-kodem-qr","status":"publish","type":"product","link":"https:\/\/www.sklep.optim-x.pl\/?product=podkladka-pod-kubek-z-kodem-qr","title":{"rendered":"Podk\u0142adka pod kubek z kodem qr"},"content":{"rendered":"<p>Podk\u0142adka pod kubek z w\u0142asnym kodem qr!<\/p>\n<p>Idealna reklama dla bar\u00f3w i restauracji, po zeskanowaniu kodu mo\u017cna wej\u015b\u0107 na stron\u0119 facebook lub do zam\u00f3wienia.<\/p>\n<p>Podk\u0142adka sprawdzi si\u0119 do kawy lub do piwa.<\/p>\n<p>Rozmiar 10cm x 1,5mm<\/p>\n","protected":false},"excerpt":{"rendered":"<p>Podk\u0142adka pod kufel z w\u0142asnym qr kodem!<\/p>\n","protected":false},"featured_media":325,"template":"","meta":[],"product_brand":[],"product_cat":[25],"product_tag":[49],"class_list":{"0":"post-324","1":"product","2":"type-product","3":"status-publish","4":"has-post-thumbnail","6":"product_cat-podstawki","7":"product_tag-podkladka-qr-kod","8":"product_shipping_class-male-produkty","10":"first","11":"onbackorder","12":"shipping-taxable","13":"purchasable","14":"product-type-simple"},"_links":{"self":[{"href":"https:\/\/www.sklep.optim-x.pl\/index.php?rest_route=\/wp\/v2\/product\/324","targetHints":{"allow":["GET"]}}],"collection":[{"href":"https:\/\/www.sklep.optim-x.pl\/index.php?rest_route=\/wp\/v2\/product"}],"about":[{"href":"https:\/\/www.sklep.optim-x.pl\/index.php?rest_route=\/wp\/v2\/types\/product"}],"wp:featuredmedia":[{"embeddable":true,"href":"https:\/\/www.sklep.optim-x.pl\/index.php?rest_route=\/wp\/v2\/media\/325"}],"wp:attachment":[{"href":"https:\/\/www.sklep.optim-x.pl\/index.php?rest_route=%2Fwp%2Fv2%2Fmedia&parent=324"}],"wp:term":[{"taxonomy":"product_brand","embeddable":true,"href":"https:\/\/www.sklep.optim-x.pl\/index.php?rest_route=%2Fwp%2Fv2%2Fproduct_brand&post=324"},{"taxonomy":"product_cat","embeddable":true,"href":"https:\/\/www.sklep.optim-x.pl\/index.php?rest_route=%2Fwp%2Fv2%2Fproduct_cat&post=324"},{"taxonomy":"product_tag","embeddable":true,"href":"https:\/\/www.sklep.optim-x.pl\/index.php?rest_route=%2Fwp%2Fv2%2Fproduct_tag&post=324"}],"curies":[{"name":"wp","href":"https:\/\/api.w.org\/{rel}","templated":true}]}}