{"id":278,"date":"2025-02-06T11:57:10","date_gmt":"2025-02-06T10:57:10","guid":{"rendered":"https:\/\/www.sklep.optim-x.pl\/?post_type=product&#038;p=278"},"modified":"2025-10-21T20:02:57","modified_gmt":"2025-10-21T19:02:57","slug":"koszyk-na-szklanke","status":"publish","type":"product","link":"https:\/\/www.sklep.optim-x.pl\/?product=koszyk-na-szklanke","title":{"rendered":"Koszyk na szklank\u0119 PRL"},"content":{"rendered":"<p>Koszyk na szklank\u0119 z imieniem lub nazw\u0105, mo\u017cna zam\u00f3wi\u0107 kilka r\u00f3\u017cnych . Idealny prezent lub reklama firmy !<\/p>\n<p>\u015aREDNICA SZKLANKI 6,4cm &#8211; mo\u017cna zmodyfikowa\u0107 po wcze\u015bniejszym kontakcie.<\/p>\n<p>Kolor : czarny lub bia\u0142y inny na zam\u00f3wienie.<\/p>\n","protected":false},"excerpt":{"rendered":"<p>Tw\u00f3j koszyk z tekstem na szklank\u0119 6,4cm<\/p>\n","protected":false},"featured_media":349,"template":"","meta":[],"product_brand":[],"product_cat":[23],"product_tag":[41],"class_list":{"0":"post-278","1":"product","2":"type-product","3":"status-publish","4":"has-post-thumbnail","6":"product_cat-uchwyty","7":"product_tag-koszyk-na-szklanke","8":"product_shipping_class-duze-produkty","10":"first","11":"onbackorder","12":"sale","13":"shipping-taxable","14":"purchasable","15":"product-type-simple"},"_links":{"self":[{"href":"https:\/\/www.sklep.optim-x.pl\/index.php?rest_route=\/wp\/v2\/product\/278","targetHints":{"allow":["GET"]}}],"collection":[{"href":"https:\/\/www.sklep.optim-x.pl\/index.php?rest_route=\/wp\/v2\/product"}],"about":[{"href":"https:\/\/www.sklep.optim-x.pl\/index.php?rest_route=\/wp\/v2\/types\/product"}],"wp:featuredmedia":[{"embeddable":true,"href":"https:\/\/www.sklep.optim-x.pl\/index.php?rest_route=\/wp\/v2\/media\/349"}],"wp:attachment":[{"href":"https:\/\/www.sklep.optim-x.pl\/index.php?rest_route=%2Fwp%2Fv2%2Fmedia&parent=278"}],"wp:term":[{"taxonomy":"product_brand","embeddable":true,"href":"https:\/\/www.sklep.optim-x.pl\/index.php?rest_route=%2Fwp%2Fv2%2Fproduct_brand&post=278"},{"taxonomy":"product_cat","embeddable":true,"href":"https:\/\/www.sklep.optim-x.pl\/index.php?rest_route=%2Fwp%2Fv2%2Fproduct_cat&post=278"},{"taxonomy":"product_tag","embeddable":true,"href":"https:\/\/www.sklep.optim-x.pl\/index.php?rest_route=%2Fwp%2Fv2%2Fproduct_tag&post=278"}],"curies":[{"name":"wp","href":"https:\/\/api.w.org\/{rel}","templated":true}]}}