{"id":246,"date":"2025-01-05T12:00:01","date_gmt":"2025-01-05T11:00:01","guid":{"rendered":"https:\/\/www.sklep.optim-x.pl\/?post_type=product&#038;p=246"},"modified":"2026-02-08T18:28:09","modified_gmt":"2026-02-08T17:28:09","slug":"schowek-na-whisky-330ml-na-prezent-cylinder-i-tlok","status":"publish","type":"product","link":"https:\/\/www.sklep.optim-x.pl\/?product=schowek-na-whisky-330ml-na-prezent-cylinder-i-tlok","title":{"rendered":"Schowek na Whisky 330ml na prezent cylinder i t\u0142ok"},"content":{"rendered":"<p>Schowek na Whisky 330ml na prezent, idealny dla motocyklisty lub mechanika.<\/p>\n<p>Posiada p\u0142askie wci\u0119cie, gdzie mo\u017cna umie\u015bci\u0107 zdj\u0119cie z wyprawy lub imprezy.<\/p>\n<p>Super jako prezent! Kupujesz sam schowek, cylinder i t\u0142ok. Bez whisky.<\/p>\n","protected":false},"excerpt":{"rendered":"<p>Cylinder i t\u0142ok jako schowek na whisky w puszce \ud83d\ude42<\/p>\n","protected":false},"featured_media":247,"template":"","meta":[],"product_brand":[],"product_cat":[32],"product_tag":[39],"class_list":{"0":"post-246","1":"product","2":"type-product","3":"status-publish","4":"has-post-thumbnail","6":"product_cat-na-prezent","7":"product_tag-prezent-cylinder-i-tlok-na-whisky","8":"product_shipping_class-duze-produkty","10":"first","11":"onbackorder","12":"sold-individually","13":"shipping-taxable","14":"purchasable","15":"product-type-simple"},"_links":{"self":[{"href":"https:\/\/www.sklep.optim-x.pl\/index.php?rest_route=\/wp\/v2\/product\/246","targetHints":{"allow":["GET"]}}],"collection":[{"href":"https:\/\/www.sklep.optim-x.pl\/index.php?rest_route=\/wp\/v2\/product"}],"about":[{"href":"https:\/\/www.sklep.optim-x.pl\/index.php?rest_route=\/wp\/v2\/types\/product"}],"wp:featuredmedia":[{"embeddable":true,"href":"https:\/\/www.sklep.optim-x.pl\/index.php?rest_route=\/wp\/v2\/media\/247"}],"wp:attachment":[{"href":"https:\/\/www.sklep.optim-x.pl\/index.php?rest_route=%2Fwp%2Fv2%2Fmedia&parent=246"}],"wp:term":[{"taxonomy":"product_brand","embeddable":true,"href":"https:\/\/www.sklep.optim-x.pl\/index.php?rest_route=%2Fwp%2Fv2%2Fproduct_brand&post=246"},{"taxonomy":"product_cat","embeddable":true,"href":"https:\/\/www.sklep.optim-x.pl\/index.php?rest_route=%2Fwp%2Fv2%2Fproduct_cat&post=246"},{"taxonomy":"product_tag","embeddable":true,"href":"https:\/\/www.sklep.optim-x.pl\/index.php?rest_route=%2Fwp%2Fv2%2Fproduct_tag&post=246"}],"curies":[{"name":"wp","href":"https:\/\/api.w.org\/{rel}","templated":true}]}}