{"id":225,"date":"2024-12-28T20:45:58","date_gmt":"2024-12-28T19:45:58","guid":{"rendered":"https:\/\/www.sklep.optim-x.pl\/?post_type=product&#038;p=225"},"modified":"2026-02-08T18:28:53","modified_gmt":"2026-02-08T17:28:53","slug":"uchwyt-na-napoje-do-biurka-z-wlasnym-tekstem","status":"publish","type":"product","link":"https:\/\/www.sklep.optim-x.pl\/?product=uchwyt-na-napoje-do-biurka-z-wlasnym-tekstem","title":{"rendered":"Uchwyt na napoje do biurka z w\u0142asnym tekstem"},"content":{"rendered":"<p>Uchwyt na kubek z u\u015bmiechem, idealny dla kubk\u00f3w do 8,4cm \u015brednicy.<\/p>\n<p>W\u0142asny tekst &#8211; zostanie umieszczony na przodzie, je\u015bli potrzebujesz co\u015b d\u0142u\u017cszego to umie\u015bcimy napis wewn\u0105trz.<\/p>\n<p>Wydrukowany z wytrzyma\u0142ego materia\u0142u, mo\u017cna w\u0142o\u017cy\u0107 do niego telefon lub wsun\u0105\u0107 d\u0142ugopisy.<\/p>\n<p>Przydatny przy pracy na biurku, sam korzystam z takiego uchwytu.<\/p>\n<p>Po zako\u0144czonej pracy lub rozrywce, mo\u017cna na nim powiesi\u0107 s\u0142uchawki.<\/p>\n<p>Montowany na dwa wkr\u0119ty, s\u0105 w zestawie.<\/p>\n<p>&nbsp;<\/p>\n<p>&nbsp;<\/p>\n<p>Je\u015bli potrzebujesz w innym kolorze lub rozmiarze, skontaktuj si\u0119 mailowo \ud83d\ude42<\/p>\n","protected":false},"excerpt":{"rendered":"<p>Uchwyt na kubek z u\u015bmiechem i w\u0142asnym tekstem, idealny dla kubk\u00f3w do 8,4cm \u015brednicy.<\/p>\n","protected":false},"featured_media":230,"template":"","meta":[],"product_brand":[],"product_cat":[23],"product_tag":[21,20],"class_list":{"0":"post-225","1":"product","2":"type-product","3":"status-publish","4":"has-post-thumbnail","6":"product_cat-uchwyty","7":"product_tag-uchwyt-na-kubek","8":"product_tag-uchwyt-na-kubek-do-biurka","9":"product_shipping_class-duze-produkty","11":"first","12":"onbackorder","13":"sale","14":"sold-individually","15":"shipping-taxable","16":"purchasable","17":"product-type-simple"},"_links":{"self":[{"href":"https:\/\/www.sklep.optim-x.pl\/index.php?rest_route=\/wp\/v2\/product\/225","targetHints":{"allow":["GET"]}}],"collection":[{"href":"https:\/\/www.sklep.optim-x.pl\/index.php?rest_route=\/wp\/v2\/product"}],"about":[{"href":"https:\/\/www.sklep.optim-x.pl\/index.php?rest_route=\/wp\/v2\/types\/product"}],"wp:featuredmedia":[{"embeddable":true,"href":"https:\/\/www.sklep.optim-x.pl\/index.php?rest_route=\/wp\/v2\/media\/230"}],"wp:attachment":[{"href":"https:\/\/www.sklep.optim-x.pl\/index.php?rest_route=%2Fwp%2Fv2%2Fmedia&parent=225"}],"wp:term":[{"taxonomy":"product_brand","embeddable":true,"href":"https:\/\/www.sklep.optim-x.pl\/index.php?rest_route=%2Fwp%2Fv2%2Fproduct_brand&post=225"},{"taxonomy":"product_cat","embeddable":true,"href":"https:\/\/www.sklep.optim-x.pl\/index.php?rest_route=%2Fwp%2Fv2%2Fproduct_cat&post=225"},{"taxonomy":"product_tag","embeddable":true,"href":"https:\/\/www.sklep.optim-x.pl\/index.php?rest_route=%2Fwp%2Fv2%2Fproduct_tag&post=225"}],"curies":[{"name":"wp","href":"https:\/\/api.w.org\/{rel}","templated":true}]}}