{"id":172,"date":"2024-11-17T19:36:00","date_gmt":"2024-11-17T18:36:00","guid":{"rendered":"https:\/\/www.sklep.optim-x.pl\/?post_type=product&#038;p=172"},"modified":"2026-02-08T18:51:43","modified_gmt":"2026-02-08T17:51:43","slug":"mini-bank-z-miejscem-na-pieniadze","status":"publish","type":"product","link":"https:\/\/www.sklep.optim-x.pl\/?product=mini-bank-z-miejscem-na-pieniadze","title":{"rendered":"Mini bank z miejscem na pieni\u0105dze"},"content":{"rendered":"<h3>Chcesz podarowa\u0107 komu\u015b pieni\u0105dze ? Zr\u00f3b to z pomoc\u0105 mini banku, w\u0142\u00f3\u017c got\u00f3wk\u0119 do \u015brodka i gotowe.<\/h3>\n<h3>Teraz ka\u017cdy mo\u017ce rozbi\u0107 bank i wyci\u0105gn\u0105\u0107 got\u00f3wk\u0119 \ud83d\ude42<\/h3>\n<p>&nbsp;<\/p>\n<p>*Mo\u017cesz poprosi\u0107 o zadrukowanie pieni\u0119dzy w banku! bez dziury na pieni\u0105dze. Osoba kt\u00f3ra otrzyma bank, b\u0119dzie musia\u0142a go zniszczy\u0107 aby wyci\u0105gn\u0105\u0107 zawarto\u015b\u0107 (pieni\u0105dze lub pendrive) Domy\u015blnie wysy\u0142amy z otworem.<\/p>\n","protected":false},"excerpt":{"rendered":"<p>Rozbij bank i wyci\u0105gnij z niego got\u00f3wk\u0119! Idealny prezent \ud83d\ude42<\/p>\n","protected":false},"featured_media":173,"template":"","meta":[],"product_brand":[],"product_cat":[32],"product_tag":[34],"class_list":{"0":"post-172","1":"product","2":"type-product","3":"status-publish","4":"has-post-thumbnail","6":"product_cat-na-prezent","7":"product_tag-bank-na-gotowke","8":"product_shipping_class-duze-produkty","10":"first","11":"onbackorder","12":"shipping-taxable","13":"purchasable","14":"product-type-simple"},"_links":{"self":[{"href":"https:\/\/www.sklep.optim-x.pl\/index.php?rest_route=\/wp\/v2\/product\/172","targetHints":{"allow":["GET"]}}],"collection":[{"href":"https:\/\/www.sklep.optim-x.pl\/index.php?rest_route=\/wp\/v2\/product"}],"about":[{"href":"https:\/\/www.sklep.optim-x.pl\/index.php?rest_route=\/wp\/v2\/types\/product"}],"wp:featuredmedia":[{"embeddable":true,"href":"https:\/\/www.sklep.optim-x.pl\/index.php?rest_route=\/wp\/v2\/media\/173"}],"wp:attachment":[{"href":"https:\/\/www.sklep.optim-x.pl\/index.php?rest_route=%2Fwp%2Fv2%2Fmedia&parent=172"}],"wp:term":[{"taxonomy":"product_brand","embeddable":true,"href":"https:\/\/www.sklep.optim-x.pl\/index.php?rest_route=%2Fwp%2Fv2%2Fproduct_brand&post=172"},{"taxonomy":"product_cat","embeddable":true,"href":"https:\/\/www.sklep.optim-x.pl\/index.php?rest_route=%2Fwp%2Fv2%2Fproduct_cat&post=172"},{"taxonomy":"product_tag","embeddable":true,"href":"https:\/\/www.sklep.optim-x.pl\/index.php?rest_route=%2Fwp%2Fv2%2Fproduct_tag&post=172"}],"curies":[{"name":"wp","href":"https:\/\/api.w.org\/{rel}","templated":true}]}}