{"id":158,"date":"2024-11-13T21:47:19","date_gmt":"2024-11-13T20:47:19","guid":{"rendered":"https:\/\/www.sklep.optim-x.pl\/?post_type=product&#038;p=158"},"modified":"2026-03-15T17:18:49","modified_gmt":"2026-03-15T16:18:49","slug":"uchwyt-na-sluchawki-boczny","status":"publish","type":"product","link":"https:\/\/www.sklep.optim-x.pl\/?product=uchwyt-na-sluchawki-boczny","title":{"rendered":"Uchwyt na s\u0142uchawki boczny"},"content":{"rendered":"<p>Uchwyt na s\u0142uchawki, monta\u017c na bok biurka lub na \u015bcian\u0119.<\/p>\n<p>Wkr\u0119ty w zestawie.<\/p>\n","protected":false},"excerpt":{"rendered":"<p>Uchwyt na s\u0142uchawki na bok biurka lub \u015bcian\u0119.<\/p>\n","protected":false},"featured_media":159,"template":"","meta":[],"product_brand":[],"product_cat":[23],"product_tag":[30],"class_list":{"0":"post-158","1":"product","2":"type-product","3":"status-publish","4":"has-post-thumbnail","6":"product_cat-uchwyty","7":"product_tag-uchwyt-na-sluchawki","8":"product_shipping_class-male-produkty","10":"first","11":"onbackorder","12":"shipping-taxable","13":"purchasable","14":"product-type-simple"},"_links":{"self":[{"href":"https:\/\/www.sklep.optim-x.pl\/index.php?rest_route=\/wp\/v2\/product\/158","targetHints":{"allow":["GET"]}}],"collection":[{"href":"https:\/\/www.sklep.optim-x.pl\/index.php?rest_route=\/wp\/v2\/product"}],"about":[{"href":"https:\/\/www.sklep.optim-x.pl\/index.php?rest_route=\/wp\/v2\/types\/product"}],"wp:featuredmedia":[{"embeddable":true,"href":"https:\/\/www.sklep.optim-x.pl\/index.php?rest_route=\/wp\/v2\/media\/159"}],"wp:attachment":[{"href":"https:\/\/www.sklep.optim-x.pl\/index.php?rest_route=%2Fwp%2Fv2%2Fmedia&parent=158"}],"wp:term":[{"taxonomy":"product_brand","embeddable":true,"href":"https:\/\/www.sklep.optim-x.pl\/index.php?rest_route=%2Fwp%2Fv2%2Fproduct_brand&post=158"},{"taxonomy":"product_cat","embeddable":true,"href":"https:\/\/www.sklep.optim-x.pl\/index.php?rest_route=%2Fwp%2Fv2%2Fproduct_cat&post=158"},{"taxonomy":"product_tag","embeddable":true,"href":"https:\/\/www.sklep.optim-x.pl\/index.php?rest_route=%2Fwp%2Fv2%2Fproduct_tag&post=158"}],"curies":[{"name":"wp","href":"https:\/\/api.w.org\/{rel}","templated":true}]}}