{"id":141,"date":"2024-11-13T21:14:02","date_gmt":"2024-11-13T20:14:02","guid":{"rendered":"https:\/\/www.sklep.optim-x.pl\/?post_type=product&#038;p=141"},"modified":"2026-02-17T17:34:27","modified_gmt":"2026-02-17T16:34:27","slug":"uchwyt-na-kubek-do-kratki","status":"publish","type":"product","link":"https:\/\/www.sklep.optim-x.pl\/?product=uchwyt-na-kubek-do-kratki","title":{"rendered":"Uchwyt na kubek do kratki"},"content":{"rendered":"<p>Uchwyt, pier\u015bcie\u0144 na kubek z stacji paliw lub Mc Donalda.<\/p>\n<p>Prosty monta\u017c do kratki wentylacyjnej za pomoc\u0105 trytek.<\/p>\n<p>\u015arednica uchwytu : 73mm , pasuje od ma\u0142ych do du\u017cych kubk\u00f3w.<\/p>\n<p>Trytki w zestawie.<\/p>\n","protected":false},"excerpt":{"rendered":"<p>Uchwyt na kubek do kratki wentylacyjnej samochodu.<\/p>\n","protected":false},"featured_media":142,"template":"","meta":[],"product_brand":[],"product_cat":[23],"product_tag":[28],"class_list":{"0":"post-141","1":"product","2":"type-product","3":"status-publish","4":"has-post-thumbnail","6":"product_cat-uchwyty","7":"product_tag-uchwyt-na-kubek-do-samochodu","9":"first","10":"onbackorder","11":"shipping-taxable","12":"purchasable","13":"product-type-simple"},"_links":{"self":[{"href":"https:\/\/www.sklep.optim-x.pl\/index.php?rest_route=\/wp\/v2\/product\/141","targetHints":{"allow":["GET"]}}],"collection":[{"href":"https:\/\/www.sklep.optim-x.pl\/index.php?rest_route=\/wp\/v2\/product"}],"about":[{"href":"https:\/\/www.sklep.optim-x.pl\/index.php?rest_route=\/wp\/v2\/types\/product"}],"wp:featuredmedia":[{"embeddable":true,"href":"https:\/\/www.sklep.optim-x.pl\/index.php?rest_route=\/wp\/v2\/media\/142"}],"wp:attachment":[{"href":"https:\/\/www.sklep.optim-x.pl\/index.php?rest_route=%2Fwp%2Fv2%2Fmedia&parent=141"}],"wp:term":[{"taxonomy":"product_brand","embeddable":true,"href":"https:\/\/www.sklep.optim-x.pl\/index.php?rest_route=%2Fwp%2Fv2%2Fproduct_brand&post=141"},{"taxonomy":"product_cat","embeddable":true,"href":"https:\/\/www.sklep.optim-x.pl\/index.php?rest_route=%2Fwp%2Fv2%2Fproduct_cat&post=141"},{"taxonomy":"product_tag","embeddable":true,"href":"https:\/\/www.sklep.optim-x.pl\/index.php?rest_route=%2Fwp%2Fv2%2Fproduct_tag&post=141"}],"curies":[{"name":"wp","href":"https:\/\/api.w.org\/{rel}","templated":true}]}}