{"id":116,"date":"2024-11-02T14:47:20","date_gmt":"2024-11-02T13:47:20","guid":{"rendered":"http:\/\/www.sklep.optim-x.pl\/?post_type=product&#038;p=116"},"modified":"2026-02-17T17:34:32","modified_gmt":"2026-02-17T16:34:32","slug":"podstawki-pod-laptopa","status":"publish","type":"product","link":"https:\/\/www.sklep.optim-x.pl\/?product=podstawki-pod-laptopa","title":{"rendered":"Podstawki pod laptopa"},"content":{"rendered":"<p>Podstawki pod laptopa, zaprojektowane, by jak najmniejsz\u0105 powierzchni\u0105 zakrywa\u0107 wentylator.<\/p>\n<p>Idealne do wi\u0119kszych gamingowych laptop\u00f3w od 15&#8243; wzwy\u017c.<\/p>\n<p>Posiadaj\u0105 gumow\u0105 podk\u0142adk\u0119 z g\u00f3ry i od spodu, zapobiegaj\u0105c \u015blizganiu si\u0119 na biurku.<\/p>\n<p>&nbsp;<\/p>\n<p>Je\u015bli potrzebujesz podk\u0142adki pod mniejszy laptop lub w innym kolorze, skontaktuj si\u0119 mailowo.<\/p>\n","protected":false},"excerpt":{"rendered":"<p>Ma\u0142e gamingowe podk\u0142adki pod laptopa<\/p>\n","protected":false},"featured_media":136,"template":"","meta":[],"product_brand":[],"product_cat":[25],"product_tag":[24],"class_list":{"0":"post-116","1":"product","2":"type-product","3":"status-publish","4":"has-post-thumbnail","6":"product_cat-podstawki","7":"product_tag-podstawka-pod-laptopa","8":"product_shipping_class-duze-produkty","10":"first","11":"onbackorder","12":"shipping-taxable","13":"purchasable","14":"product-type-simple"},"_links":{"self":[{"href":"https:\/\/www.sklep.optim-x.pl\/index.php?rest_route=\/wp\/v2\/product\/116","targetHints":{"allow":["GET"]}}],"collection":[{"href":"https:\/\/www.sklep.optim-x.pl\/index.php?rest_route=\/wp\/v2\/product"}],"about":[{"href":"https:\/\/www.sklep.optim-x.pl\/index.php?rest_route=\/wp\/v2\/types\/product"}],"wp:featuredmedia":[{"embeddable":true,"href":"https:\/\/www.sklep.optim-x.pl\/index.php?rest_route=\/wp\/v2\/media\/136"}],"wp:attachment":[{"href":"https:\/\/www.sklep.optim-x.pl\/index.php?rest_route=%2Fwp%2Fv2%2Fmedia&parent=116"}],"wp:term":[{"taxonomy":"product_brand","embeddable":true,"href":"https:\/\/www.sklep.optim-x.pl\/index.php?rest_route=%2Fwp%2Fv2%2Fproduct_brand&post=116"},{"taxonomy":"product_cat","embeddable":true,"href":"https:\/\/www.sklep.optim-x.pl\/index.php?rest_route=%2Fwp%2Fv2%2Fproduct_cat&post=116"},{"taxonomy":"product_tag","embeddable":true,"href":"https:\/\/www.sklep.optim-x.pl\/index.php?rest_route=%2Fwp%2Fv2%2Fproduct_tag&post=116"}],"curies":[{"name":"wp","href":"https:\/\/api.w.org\/{rel}","templated":true}]}}