{"id":9,"date":"2024-11-01T19:54:51","date_gmt":"2024-11-01T18:54:51","guid":{"rendered":"http:\/\/www.sklep.optim-x.pl\/index.php\/koszyk\/"},"modified":"2026-04-02T18:19:42","modified_gmt":"2026-04-02T17:19:42","slug":"koszyk","status":"publish","type":"page","link":"https:\/\/www.sklep.optim-x.pl\/?page_id=9","title":{"rendered":"Koszyk"},"content":{"rendered":"\n<div data-block-name=\"woocommerce\/cart\" class=\"wp-block-woocommerce-cart alignwide is-loading\">\n<div data-block-name=\"woocommerce\/filled-cart-block\" class=\"wp-block-woocommerce-filled-cart-block\">\n<div data-block-name=\"woocommerce\/cart-items-block\" class=\"wp-block-woocommerce-cart-items-block\">\n<div data-block-name=\"woocommerce\/cart-line-items-block\" class=\"wp-block-woocommerce-cart-line-items-block\"><\/div>\n\n\n\n<div data-block-name=\"woocommerce\/cart-cross-sells-block\" class=\"wp-block-woocommerce-cart-cross-sells-block\">\n<h2 class=\"wp-block-heading has-large-font-size\">Zobacz inne r\u00f3wnie interesuj\u0105ce\u2026<\/h2>\n\n\n\n<div data-block-name=\"woocommerce\/cart-cross-sells-products-block\" class=\"wp-block-woocommerce-cart-cross-sells-products-block\"><\/div>\n<\/div>\n<\/div>\n\n\n\n<div data-block-name=\"woocommerce\/cart-totals-block\" class=\"wp-block-woocommerce-cart-totals-block\">\n<div data-block-name=\"woocommerce\/cart-order-summary-block\" class=\"wp-block-woocommerce-cart-order-summary-block\">\n<div data-block-name=\"woocommerce\/cart-order-summary-heading-block\" class=\"wp-block-woocommerce-cart-order-summary-heading-block\"><\/div><div data-block-name=\"woocommerce\/cart-order-summary-coupon-form-block\" class=\"wp-block-woocommerce-cart-order-summary-coupon-form-block\"><\/div><div data-block-name=\"woocommerce\/cart-order-summary-totals-block\" class=\"wp-block-woocommerce-cart-order-summary-totals-block\">\n<div data-block-name=\"woocommerce\/cart-order-summary-subtotal-block\" class=\"wp-block-woocommerce-cart-order-summary-subtotal-block\"><\/div>\n<div data-block-name=\"woocommerce\/cart-order-summary-discount-block\" class=\"wp-block-woocommerce-cart-order-summary-discount-block\"><\/div>\n<div data-block-name=\"woocommerce\/cart-order-summary-fee-block\" class=\"wp-block-woocommerce-cart-order-summary-fee-block\"><\/div>\n<div data-block-name=\"woocommerce\/cart-order-summary-shipping-block\" class=\"wp-block-woocommerce-cart-order-summary-shipping-block\"><\/div>\n<div data-block-name=\"woocommerce\/cart-order-summary-taxes-block\" class=\"wp-block-woocommerce-cart-order-summary-taxes-block\"><\/div><\/div>\n<\/div>\n\n\n\n<div data-block-name=\"woocommerce\/cart-express-payment-block\" class=\"wp-block-woocommerce-cart-express-payment-block\"><\/div>\n\n\n\n<div data-block-name=\"woocommerce\/proceed-to-checkout-block\" class=\"wp-block-woocommerce-proceed-to-checkout-block\"><\/div>\n\n\n\n<div data-block-name=\"woocommerce\/cart-accepted-payment-methods-block\" class=\"wp-block-woocommerce-cart-accepted-payment-methods-block\"><\/div>\n<\/div>\n<\/div>\n\n\n\n<div data-block-name=\"woocommerce\/empty-cart-block\" class=\"wp-block-woocommerce-empty-cart-block\">\n<h2 class=\"wp-block-heading has-text-align-center with-empty-cart-icon wc-block-cart__empty-cart__title\">Tw\u00f3j koszyk jest obecnie pusty!<\/h2>\n\n\n\n<hr class=\"wp-block-separator has-alpha-channel-opacity is-style-dots\"\/>\n\n\n\n<h2 class=\"wp-block-heading has-text-align-center\">Nowe w sklepie<\/h2>\n\n\n<div data-block-name=\"woocommerce\/product-new\" data-columns=\"4\" data-rows=\"1\" class=\"wc-block-grid wp-block-product-new wp-block-woocommerce-product-new wc-block-product-new has-4-columns\"><ul class=\"wc-block-grid__products\"><li class=\"wc-block-grid__product\">\n\t\t\t\t<a href=\"https:\/\/www.sklep.optim-x.pl\/?product=lampka-gamingowa-maly-gracz-dla-dziecka\" class=\"wc-block-grid__product-link\">\n\t\t\t\t\t<div class=\"wc-block-grid__product-onsale\">\n\t\t\t<span aria-hidden=\"true\">Promocja<\/span>\n\t\t\t<span class=\"screen-reader-text\">Produkt w promocji<\/span>\n\t\t<\/div>\n\t\t\t\t\t<div class=\"wc-block-grid__product-image\"><img loading=\"lazy\" decoding=\"async\" width=\"300\" height=\"300\" src=\"https:\/\/www.sklep.optim-x.pl\/wp-content\/uploads\/2026\/02\/IMG_20260129_2115262-300x300.jpg\" class=\"attachment-woocommerce_thumbnail size-woocommerce_thumbnail\" alt=\"Lampka gamingowa Ma\u0142y Gracz dla dziecka\" srcset=\"https:\/\/www.sklep.optim-x.pl\/wp-content\/uploads\/2026\/02\/IMG_20260129_2115262-300x300.jpg 300w, https:\/\/www.sklep.optim-x.pl\/wp-content\/uploads\/2026\/02\/IMG_20260129_2115262-150x150.jpg 150w, https:\/\/www.sklep.optim-x.pl\/wp-content\/uploads\/2026\/02\/IMG_20260129_2115262-100x100.jpg 100w\" sizes=\"auto, (max-width: 300px) 100vw, 300px\" \/><\/div>\n\t\t\t\t\t<div class=\"wc-block-grid__product-title\">Lampka gamingowa Ma\u0142y Gracz dla dziecka<\/div>\n\t\t\t\t<\/a>\n\t\t\t\t<div class=\"wc-block-grid__product-price price\"><del aria-hidden=\"true\"><span class=\"woocommerce-Price-amount amount\">50,00&nbsp;<span class=\"woocommerce-Price-currencySymbol\">&#122;&#322;<\/span><\/span><\/del> <span class=\"screen-reader-text\">Pierwotna cena wynosi\u0142a: 50,00&nbsp;&#122;&#322;.<\/span><ins aria-hidden=\"true\"><span class=\"woocommerce-Price-amount amount\">40,00&nbsp;<span class=\"woocommerce-Price-currencySymbol\">&#122;&#322;<\/span><\/span><\/ins><span class=\"screen-reader-text\">Aktualna cena wynosi: 40,00&nbsp;&#122;&#322;.<\/span><\/div>\n\t\t\t\t\n\t\t\t\t<div class=\"wp-block-button wc-block-grid__product-add-to-cart\"><a href=\"\/index.php?rest_route=%2Fwp%2Fv2%2Fpages%2F9&#038;add-to-cart=427\" aria-label=\"Dodaj do koszyka: &bdquo;Lampka gamingowa Ma\u0142y Gracz dla dziecka&rdquo;\" data-quantity=\"1\" data-product_id=\"427\" data-product_sku=\"\" data-price=\"40\" rel=\"nofollow\" class=\"wp-block-button__link wp-element-button add_to_cart_button ajax_add_to_cart\">Dodaj do koszyka<\/a><\/div>\n\t\t\t<\/li><li class=\"wc-block-grid__product\">\n\t\t\t\t<a href=\"https:\/\/www.sklep.optim-x.pl\/?product=jez-prezent-urodzinowy-merci\" class=\"wc-block-grid__product-link\">\n\t\t\t\t\t<div class=\"wc-block-grid__product-onsale\">\n\t\t\t<span aria-hidden=\"true\">Promocja<\/span>\n\t\t\t<span class=\"screen-reader-text\">Produkt w promocji<\/span>\n\t\t<\/div>\n\t\t\t\t\t<div class=\"wc-block-grid__product-image\"><img loading=\"lazy\" decoding=\"async\" width=\"300\" height=\"300\" src=\"https:\/\/www.sklep.optim-x.pl\/wp-content\/uploads\/2026\/02\/IMG_20250504_1316332-300x300.jpg\" class=\"attachment-woocommerce_thumbnail size-woocommerce_thumbnail\" alt=\"Je\u017c prezent urodzinowy Merci\" srcset=\"https:\/\/www.sklep.optim-x.pl\/wp-content\/uploads\/2026\/02\/IMG_20250504_1316332-300x300.jpg 300w, https:\/\/www.sklep.optim-x.pl\/wp-content\/uploads\/2026\/02\/IMG_20250504_1316332-150x150.jpg 150w, https:\/\/www.sklep.optim-x.pl\/wp-content\/uploads\/2026\/02\/IMG_20250504_1316332-100x100.jpg 100w\" sizes=\"auto, (max-width: 300px) 100vw, 300px\" \/><\/div>\n\t\t\t\t\t<div class=\"wc-block-grid__product-title\">Je\u017c prezent urodzinowy Merci<\/div>\n\t\t\t\t<\/a>\n\t\t\t\t<div class=\"wc-block-grid__product-price price\"><del aria-hidden=\"true\"><span class=\"woocommerce-Price-amount amount\">30,00&nbsp;<span class=\"woocommerce-Price-currencySymbol\">&#122;&#322;<\/span><\/span><\/del> <span class=\"screen-reader-text\">Pierwotna cena wynosi\u0142a: 30,00&nbsp;&#122;&#322;.<\/span><ins aria-hidden=\"true\"><span class=\"woocommerce-Price-amount amount\">20,00&nbsp;<span class=\"woocommerce-Price-currencySymbol\">&#122;&#322;<\/span><\/span><\/ins><span class=\"screen-reader-text\">Aktualna cena wynosi: 20,00&nbsp;&#122;&#322;.<\/span><\/div>\n\t\t\t\t\n\t\t\t\t<div class=\"wp-block-button wc-block-grid__product-add-to-cart\"><a href=\"\/index.php?rest_route=%2Fwp%2Fv2%2Fpages%2F9&#038;add-to-cart=425\" aria-label=\"Dodaj do koszyka: &bdquo;Je\u017c prezent urodzinowy Merci&rdquo;\" data-quantity=\"1\" data-product_id=\"425\" data-product_sku=\"\" data-price=\"20\" rel=\"nofollow\" class=\"wp-block-button__link wp-element-button add_to_cart_button ajax_add_to_cart\">Dodaj do koszyka<\/a><\/div>\n\t\t\t<\/li><li class=\"wc-block-grid__product\">\n\t\t\t\t<a href=\"https:\/\/www.sklep.optim-x.pl\/?product=bosch-3-603-f72-600-zamo-klapka-oslona-baterii\" class=\"wc-block-grid__product-link\">\n\t\t\t\t\t\n\t\t\t\t\t<div class=\"wc-block-grid__product-image\"><img loading=\"lazy\" decoding=\"async\" width=\"300\" height=\"300\" src=\"https:\/\/www.sklep.optim-x.pl\/wp-content\/uploads\/2026\/02\/IMG_20260208_150335-1-300x300.jpg\" class=\"attachment-woocommerce_thumbnail size-woocommerce_thumbnail\" alt=\"Bosch 3 603 F72 600 ZAMO - klapka os\u0142ona baterii\" srcset=\"https:\/\/www.sklep.optim-x.pl\/wp-content\/uploads\/2026\/02\/IMG_20260208_150335-1-300x300.jpg 300w, https:\/\/www.sklep.optim-x.pl\/wp-content\/uploads\/2026\/02\/IMG_20260208_150335-1-150x150.jpg 150w, https:\/\/www.sklep.optim-x.pl\/wp-content\/uploads\/2026\/02\/IMG_20260208_150335-1-100x100.jpg 100w\" sizes=\"auto, (max-width: 300px) 100vw, 300px\" \/><\/div>\n\t\t\t\t\t<div class=\"wc-block-grid__product-title\">Bosch 3 603 F72 600 ZAMO &#8211; klapka os\u0142ona baterii<\/div>\n\t\t\t\t<\/a>\n\t\t\t\t<div class=\"wc-block-grid__product-price price\"><span class=\"woocommerce-Price-amount amount\">10,00&nbsp;<span class=\"woocommerce-Price-currencySymbol\">&#122;&#322;<\/span><\/span><\/div>\n\t\t\t\t\n\t\t\t\t<div class=\"wp-block-button wc-block-grid__product-add-to-cart\"><a href=\"\/index.php?rest_route=%2Fwp%2Fv2%2Fpages%2F9&#038;add-to-cart=420\" aria-label=\"Dodaj do koszyka: &bdquo;Bosch 3 603 F72 600 ZAMO - klapka os\u0142ona baterii&rdquo;\" data-quantity=\"1\" data-product_id=\"420\" data-product_sku=\"\" data-price=\"10\" rel=\"nofollow\" class=\"wp-block-button__link wp-element-button add_to_cart_button ajax_add_to_cart\">Dodaj do koszyka<\/a><\/div>\n\t\t\t<\/li><li class=\"wc-block-grid__product\">\n\t\t\t\t<a href=\"https:\/\/www.sklep.optim-x.pl\/?product=majster-mp0083-koncowka-rura-przedluzka\" class=\"wc-block-grid__product-link\">\n\t\t\t\t\t\n\t\t\t\t\t<div class=\"wc-block-grid__product-image\"><img loading=\"lazy\" decoding=\"async\" width=\"300\" height=\"300\" src=\"https:\/\/www.sklep.optim-x.pl\/wp-content\/uploads\/2025\/10\/IMG_20251014_0957123-300x300.jpg\" class=\"attachment-woocommerce_thumbnail size-woocommerce_thumbnail\" alt=\"Majster MP0083 ko\u0144c\u00f3wka rura przed\u0142u\u017cka\" srcset=\"https:\/\/www.sklep.optim-x.pl\/wp-content\/uploads\/2025\/10\/IMG_20251014_0957123-300x300.jpg 300w, https:\/\/www.sklep.optim-x.pl\/wp-content\/uploads\/2025\/10\/IMG_20251014_0957123-150x150.jpg 150w, https:\/\/www.sklep.optim-x.pl\/wp-content\/uploads\/2025\/10\/IMG_20251014_0957123-100x100.jpg 100w\" sizes=\"auto, (max-width: 300px) 100vw, 300px\" \/><\/div>\n\t\t\t\t\t<div class=\"wc-block-grid__product-title\">Majster MP0083 ko\u0144c\u00f3wka rura przed\u0142u\u017cka<\/div>\n\t\t\t\t<\/a>\n\t\t\t\t<div class=\"wc-block-grid__product-price price\"><span class=\"woocommerce-Price-amount amount\">25,00&nbsp;<span class=\"woocommerce-Price-currencySymbol\">&#122;&#322;<\/span><\/span><\/div>\n\t\t\t\t\n\t\t\t\t<div class=\"wp-block-button wc-block-grid__product-add-to-cart\"><a href=\"\/index.php?rest_route=%2Fwp%2Fv2%2Fpages%2F9&#038;add-to-cart=394\" aria-label=\"Dodaj do koszyka: &bdquo;Majster MP0083 ko\u0144c\u00f3wka rura przed\u0142u\u017cka&rdquo;\" data-quantity=\"1\" data-product_id=\"394\" data-product_sku=\"\" data-price=\"25\" rel=\"nofollow\" class=\"wp-block-button__link wp-element-button add_to_cart_button ajax_add_to_cart\">Dodaj do koszyka<\/a><\/div>\n\t\t\t<\/li><\/ul><\/div><\/div>\n<\/div>\n","protected":false},"excerpt":{"rendered":"","protected":false},"author":1,"featured_media":0,"parent":0,"menu_order":0,"comment_status":"closed","ping_status":"closed","template":"","meta":{"footnotes":""},"class_list":["post-9","page","type-page","status-publish","hentry"],"_links":{"self":[{"href":"https:\/\/www.sklep.optim-x.pl\/index.php?rest_route=\/wp\/v2\/pages\/9","targetHints":{"allow":["GET"]}}],"collection":[{"href":"https:\/\/www.sklep.optim-x.pl\/index.php?rest_route=\/wp\/v2\/pages"}],"about":[{"href":"https:\/\/www.sklep.optim-x.pl\/index.php?rest_route=\/wp\/v2\/types\/page"}],"author":[{"embeddable":true,"href":"https:\/\/www.sklep.optim-x.pl\/index.php?rest_route=\/wp\/v2\/users\/1"}],"replies":[{"embeddable":true,"href":"https:\/\/www.sklep.optim-x.pl\/index.php?rest_route=%2Fwp%2Fv2%2Fcomments&post=9"}],"version-history":[{"count":1,"href":"https:\/\/www.sklep.optim-x.pl\/index.php?rest_route=\/wp\/v2\/pages\/9\/revisions"}],"predecessor-version":[{"id":58,"href":"https:\/\/www.sklep.optim-x.pl\/index.php?rest_route=\/wp\/v2\/pages\/9\/revisions\/58"}],"wp:attachment":[{"href":"https:\/\/www.sklep.optim-x.pl\/index.php?rest_route=%2Fwp%2Fv2%2Fmedia&parent=9"}],"curies":[{"name":"wp","href":"https:\/\/api.w.org\/{rel}","templated":true}]}}