{"id":3,"date":"2024-11-01T19:30:23","date_gmt":"2024-11-01T18:30:23","guid":{"rendered":"http:\/\/www.sklep.optim-x.pl\/?page_id=3"},"modified":"2025-04-08T10:40:20","modified_gmt":"2025-04-08T09:40:20","slug":"politique-de-confidentialite","status":"publish","type":"page","link":"https:\/\/www.sklep.optim-x.pl\/?page_id=3","title":{"rendered":"Polityka prywatno\u015bci"},"content":{"rendered":"\n<h2 class=\"wp-block-heading\">Kim jeste\u015bmy&nbsp;?<\/h2>\n\n\n\n<p>Sklep internetowy dost\u0119pny jest pod adresem&nbsp;: https:\/\/www.sklep.optim-x.pl<\/p>\n\n\n\n<p>Administrator danych osobowych:<\/p>\n\n\n\n<p>Optim-X Artur Orlecki<\/p>\n\n\n\n<p>nip : 7343528388<\/p>\n\n\n\n<p>33-326 Mogilno<\/p>\n\n\n\n<p>Paszyn 323<\/p>\n\n\n\n<p>Kontakt e-mail : optimxgames@gmail.com \/ telefon : 694548757<\/p>\n\n\n\n<h2 class=\"wp-block-heading\"><strong>Przechowywanie danych osobowych<\/strong><\/h2>\n\n\n\n<p><strong>Kontakt<\/strong>: Wszelkie pytania dotycz\u0105ce przechowywania danych osobowych mo\u017cna kierowa\u0107 pod adres e-mail : optimxgames@gmail.com.<\/p>\n\n\n\n<p><strong>Cel przechowywania danych<\/strong>: Dane osobowe, takie jak imiona, nazwiska i adresy e-mail, s\u0105 przechowywane w celu realizacji okre\u015blonych us\u0142ug \u015bwiadczonych przez firm\u0119.<\/p>\n\n\n\n<p><strong>Okres przechowywania<\/strong>: Dane osobowe b\u0119d\u0105 przechowywane przez okres niezb\u0119dny do osi\u0105gni\u0119cia cel\u00f3w, dla kt\u00f3rych zosta\u0142y zebrane, chyba \u017ce przepisy prawa wymagaj\u0105 d\u0142u\u017cszego okresu przechowywania.<\/p>\n\n\n\n<p><strong>Bezpiecze\u0144stwo danych<\/strong>: Zapewniamy odpowiednie \u015brodki techniczne i organizacyjne, aby chroni\u0107 dane osobowe przed nieautoryzowanym dost\u0119pem, utrat\u0105, zmian\u0105 lub ujawnieniem.<\/p>\n\n\n\n<p><strong>Prawa u\u017cytkownik\u00f3w<\/strong>: U\u017cytkownicy maj\u0105 prawo do \u017c\u0105dania dost\u0119pu do swoich danych osobowych, ich poprawienia, usuni\u0119cia lub ograniczenia przetwarzania, jak r\u00f3wnie\u017c do przenoszenia danych.<\/p>\n\n\n\n<h2 class=\"wp-block-heading\"><strong>Cookies<\/strong><\/h2>\n\n\n\n<p>Strona korzysta z plik\u00f3w cookies w celu zapewnienia funkcjonowania strony, dane te zbierane s\u0105 anonimowo nie s\u0105 przekazywane ani wykorzystywane w innych celach.<\/p>\n\n\n\n<p><\/p>\n","protected":false},"excerpt":{"rendered":"<p>Kim jeste\u015bmy&nbsp;? Sklep internetowy dost\u0119pny jest pod adresem&nbsp;: https:\/\/www.sklep.optim-x.pl Administrator danych osobowych: Optim-X Artur Orlecki nip : 7343528388 33-326 Mogilno Paszyn 323 Kontakt e-mail : optimxgames@gmail.com \/ telefon : 694548757 Przechowywanie danych osobowych Kontakt: Wszelkie pytania dotycz\u0105ce przechowywania danych osobowych mo\u017cna kierowa\u0107 pod adres e-mail : optimxgames@gmail.com. Cel przechowywania danych: Dane osobowe, takie jak imiona, [&hellip;]<\/p>\n","protected":false},"author":1,"featured_media":0,"parent":0,"menu_order":0,"comment_status":"closed","ping_status":"open","template":"","meta":{"footnotes":""},"class_list":["post-3","page","type-page","status-publish","hentry"],"_links":{"self":[{"href":"https:\/\/www.sklep.optim-x.pl\/index.php?rest_route=\/wp\/v2\/pages\/3","targetHints":{"allow":["GET"]}}],"collection":[{"href":"https:\/\/www.sklep.optim-x.pl\/index.php?rest_route=\/wp\/v2\/pages"}],"about":[{"href":"https:\/\/www.sklep.optim-x.pl\/index.php?rest_route=\/wp\/v2\/types\/page"}],"author":[{"embeddable":true,"href":"https:\/\/www.sklep.optim-x.pl\/index.php?rest_route=\/wp\/v2\/users\/1"}],"replies":[{"embeddable":true,"href":"https:\/\/www.sklep.optim-x.pl\/index.php?rest_route=%2Fwp%2Fv2%2Fcomments&post=3"}],"version-history":[{"count":3,"href":"https:\/\/www.sklep.optim-x.pl\/index.php?rest_route=\/wp\/v2\/pages\/3\/revisions"}],"predecessor-version":[{"id":334,"href":"https:\/\/www.sklep.optim-x.pl\/index.php?rest_route=\/wp\/v2\/pages\/3\/revisions\/334"}],"wp:attachment":[{"href":"https:\/\/www.sklep.optim-x.pl\/index.php?rest_route=%2Fwp%2Fv2%2Fmedia&parent=3"}],"curies":[{"name":"wp","href":"https:\/\/api.w.org\/{rel}","templated":true}]}}