{"id":209,"date":"2024-12-21T16:15:30","date_gmt":"2024-12-21T15:15:30","guid":{"rendered":"https:\/\/www.sklep.optim-x.pl\/?page_id=209"},"modified":"2026-03-15T17:22:47","modified_gmt":"2026-03-15T16:22:47","slug":"druk-3d","status":"publish","type":"page","link":"https:\/\/www.sklep.optim-x.pl\/?page_id=209","title":{"rendered":"Druk 3D"},"content":{"rendered":"\n<p>Tutaj zam\u00f3wisz us\u0142ug\u0119 druku 3D!<\/p>\n\n\n\n<p>Drukujemy r\u00f3\u017cnymi kolorami i materia\u0142ami. Umo\u017cliwiamy dodanie napisu na produkcie z w\u0142asnym tekstem lub kodem qr! <\/p>\n\n\n\n<p>Odszukaj ulubiony projekt i zam\u00f3w go na naszej stronie lub skontaktuj si\u0119 z nami w celu wydruku modelu 3D lub zakupu pliku stl.<\/p>\n\n\n\n<p>Zaprojektuj\u0119 uszkodzony element na nowo i wydrukuj\u0119 go z odpowiedniego materia\u0142u.<\/p>\n\n\n\n<p>kontakt : optimxgames@gmail.com<\/p>\n\n\n\n<p><\/p>\n","protected":false},"excerpt":{"rendered":"<p>Tutaj zam\u00f3wisz us\u0142ug\u0119 druku 3D! Drukujemy r\u00f3\u017cnymi kolorami i materia\u0142ami. Umo\u017cliwiamy dodanie napisu na produkcie z w\u0142asnym tekstem lub kodem qr! Odszukaj ulubiony projekt i zam\u00f3w go na naszej stronie lub skontaktuj si\u0119 z nami w celu wydruku modelu 3D lub zakupu pliku stl. Zaprojektuj\u0119 uszkodzony element na nowo i wydrukuj\u0119 go z odpowiedniego materia\u0142u. [&hellip;]<\/p>\n","protected":false},"author":1,"featured_media":0,"parent":0,"menu_order":0,"comment_status":"closed","ping_status":"closed","template":"","meta":{"footnotes":""},"class_list":["post-209","page","type-page","status-publish","hentry"],"_links":{"self":[{"href":"https:\/\/www.sklep.optim-x.pl\/index.php?rest_route=\/wp\/v2\/pages\/209","targetHints":{"allow":["GET"]}}],"collection":[{"href":"https:\/\/www.sklep.optim-x.pl\/index.php?rest_route=\/wp\/v2\/pages"}],"about":[{"href":"https:\/\/www.sklep.optim-x.pl\/index.php?rest_route=\/wp\/v2\/types\/page"}],"author":[{"embeddable":true,"href":"https:\/\/www.sklep.optim-x.pl\/index.php?rest_route=\/wp\/v2\/users\/1"}],"replies":[{"embeddable":true,"href":"https:\/\/www.sklep.optim-x.pl\/index.php?rest_route=%2Fwp%2Fv2%2Fcomments&post=209"}],"version-history":[{"count":7,"href":"https:\/\/www.sklep.optim-x.pl\/index.php?rest_route=\/wp\/v2\/pages\/209\/revisions"}],"predecessor-version":[{"id":435,"href":"https:\/\/www.sklep.optim-x.pl\/index.php?rest_route=\/wp\/v2\/pages\/209\/revisions\/435"}],"wp:attachment":[{"href":"https:\/\/www.sklep.optim-x.pl\/index.php?rest_route=%2Fwp%2Fv2%2Fmedia&parent=209"}],"curies":[{"name":"wp","href":"https:\/\/api.w.org\/{rel}","templated":true}]}}