{"id":148,"date":"2024-11-13T21:19:56","date_gmt":"2024-11-13T20:19:56","guid":{"rendered":"https:\/\/www.sklep.optim-x.pl\/?page_id=148"},"modified":"2025-05-13T19:55:23","modified_gmt":"2025-05-13T18:55:23","slug":"wysylka","status":"publish","type":"page","link":"https:\/\/www.sklep.optim-x.pl\/?page_id=148","title":{"rendered":"Wysy\u0142ka"},"content":{"rendered":"\n<p>Zam\u00f3wienia dla gotowych produkt\u00f3w, wysy\u0142am zazwyczaj do 24h.<\/p>\n\n\n\n<p>Produkty na zam\u00f3wienie od 2 do 7 dni w zale\u017cno\u015bci od ilo\u015bci.<\/p>\n\n\n\n<p>Wysy\u0142am automatycznie do najbli\u017cszego paczkomatu wed\u0142ug adresu rozliczeniowego lub do paczkomatu z notatki do zam\u00f3wienia.<\/p>\n\n\n\n<p>Je\u015bli wyst\u0119puje zmiana koloru lub rozmiaru, czas mo\u017ce si\u0119 wyd\u0142u\u017cy\u0107 od 2 do 7dni w zale\u017cno\u015bci od ilo\u015bci.<\/p>\n","protected":false},"excerpt":{"rendered":"<p>Zam\u00f3wienia dla gotowych produkt\u00f3w, wysy\u0142am zazwyczaj do 24h. Produkty na zam\u00f3wienie od 2 do 7 dni w zale\u017cno\u015bci od ilo\u015bci. Wysy\u0142am automatycznie do najbli\u017cszego paczkomatu wed\u0142ug adresu rozliczeniowego lub do paczkomatu z notatki do zam\u00f3wienia. Je\u015bli wyst\u0119puje zmiana koloru lub rozmiaru, czas mo\u017ce si\u0119 wyd\u0142u\u017cy\u0107 od 2 do 7dni w zale\u017cno\u015bci od ilo\u015bci.<\/p>\n","protected":false},"author":1,"featured_media":0,"parent":0,"menu_order":0,"comment_status":"closed","ping_status":"closed","template":"","meta":{"footnotes":""},"class_list":["post-148","page","type-page","status-publish","hentry"],"_links":{"self":[{"href":"https:\/\/www.sklep.optim-x.pl\/index.php?rest_route=\/wp\/v2\/pages\/148","targetHints":{"allow":["GET"]}}],"collection":[{"href":"https:\/\/www.sklep.optim-x.pl\/index.php?rest_route=\/wp\/v2\/pages"}],"about":[{"href":"https:\/\/www.sklep.optim-x.pl\/index.php?rest_route=\/wp\/v2\/types\/page"}],"author":[{"embeddable":true,"href":"https:\/\/www.sklep.optim-x.pl\/index.php?rest_route=\/wp\/v2\/users\/1"}],"replies":[{"embeddable":true,"href":"https:\/\/www.sklep.optim-x.pl\/index.php?rest_route=%2Fwp%2Fv2%2Fcomments&post=148"}],"version-history":[{"count":5,"href":"https:\/\/www.sklep.optim-x.pl\/index.php?rest_route=\/wp\/v2\/pages\/148\/revisions"}],"predecessor-version":[{"id":362,"href":"https:\/\/www.sklep.optim-x.pl\/index.php?rest_route=\/wp\/v2\/pages\/148\/revisions\/362"}],"wp:attachment":[{"href":"https:\/\/www.sklep.optim-x.pl\/index.php?rest_route=%2Fwp%2Fv2%2Fmedia&parent=148"}],"curies":[{"name":"wp","href":"https:\/\/api.w.org\/{rel}","templated":true}]}}