{"id":12,"date":"2024-11-02T14:14:44","date_gmt":"2024-11-02T13:14:44","guid":{"rendered":"http:\/\/www.sklep.optim-x.pl\/?page_id=12"},"modified":"2025-08-09T19:44:09","modified_gmt":"2025-08-09T18:44:09","slug":"zwroty","status":"publish","type":"page","link":"https:\/\/www.sklep.optim-x.pl\/?page_id=12","title":{"rendered":"Polityka zwrot\u00f3w i reklamacji"},"content":{"rendered":"\n<p>Akceptujemy zwroty do <strong>14 dni<\/strong>!<\/p>\n\n\n\n<p>Ka\u017cdy klient musi by\u0107 zadowolony z zakupu, poniewa\u017c jako\u015b\u0107 druku 3D, nie ka\u017cdemu mo\u017ce odpowiada\u0107.<\/p>\n\n\n\n<p>*Brak zwrotu dotyczy kod\u00f3w jednorazowych niezb\u0119dnych do aktywacji aplikacji w przypadku licencji cyfrowych oraz us\u0142ugi wykonania druku 3d na zlecenie.<\/p>\n\n\n\n<p><strong>Regulamin zwrot\u00f3w i reklamacji<\/strong> :<\/p>\n\n\n\n<ol class=\"wp-block-list\">\n<li>W przypadku <strong>zwrotu<\/strong> lub <strong>reklamacji<\/strong> prosimy poinformowa\u0107 nas mailowo na <strong>optimxgames@gmail.com<\/strong> lub telefonicznie pod numerem <strong>694-548-757<\/strong> podaj\u0105c numer zam\u00f3wienia.<\/li>\n\n\n\n<li><strong>Koszty wysy\u0142ki <\/strong>i odes\u0142ania ponosi klient. Paczk\u0119 nale\u017cy odes\u0142a\u0107 w otrzymanym opakowaniu lub innym, zabezpieczaj\u0105c produkt.<\/li>\n\n\n\n<li>Warunkiem rozpatrzenia reklamacji jest <strong>dostarczenie produktu<\/strong> w takim stanie, jakim zosta\u0142 wys\u0142any.<\/li>\n\n\n\n<li>Czas rozpatrzenia wniosku dla zwrot\u00f3w i reklamacji wynosi <strong>od 2 do 7dni<\/strong>.<\/li>\n\n\n\n<li>W przesy\u0142ce nale\u017cy umie\u015bci\u0107 <strong>numer zam\u00f3wienia.<\/strong><\/li>\n\n\n\n<li>Zwrot nale\u017cy wykona\u0107 na poni\u017cszy adres dla zwrot\u00f3w.<\/li>\n\n\n\n<li>W przypadku <strong>produkt\u00f3w cyfrowych<\/strong> , zwrot mo\u017ce nie by\u0107 mo\u017cliwy z powodu wykorzystania kodu.<\/li>\n\n\n\n<li><strong>Maksymalny<\/strong> <strong>czas realizacji zam\u00f3wienia to 7dni<\/strong> roboczych. Wp\u0142yw na to ma wybrana opcja przesy\u0142ki i ewentualne modyfikacje projektu.<\/li>\n\n\n\n<li>Przed zmian\u0105 statusu realizacji z nowe na w realizacji , mo\u017cesz anulowa\u0107 zakup i otrzyma\u0107 pe\u0142ny zwrot pieni\u0119dzy. W ka\u017cdej wybranej formie p\u0142atno\u015bci.<\/li>\n\n\n\n<li>W przypadku p\u0142atno\u015bci za pobraniem, zwrot pieni\u0119dzy zostanie wykonany na konto lub adres kupuj\u0105cego.<\/li>\n\n\n\n<li>Prosimy o podanie numeru konta do zwrotu pieni\u0119dzy lub dane do zwrotu na adres kupuj\u0105cego.<\/li>\n<\/ol>\n\n\n\n<p><strong>Zwrot na adres<\/strong> :<\/p>\n\n\n\n<p>Optim-X Artur Orlecki<\/p>\n\n\n\n<p>nip : 7343528388<\/p>\n\n\n\n<p>Paszyn 323<\/p>\n\n\n\n<p>33-326 Mogilno<\/p>\n\n\n\n<p>email : optimxgames@gmail.com <\/p>\n\n\n\n<p>tel : 694-548-757<\/p>\n","protected":false},"excerpt":{"rendered":"<p>Akceptujemy zwroty do 14 dni! Ka\u017cdy klient musi by\u0107 zadowolony z zakupu, poniewa\u017c jako\u015b\u0107 druku 3D, nie ka\u017cdemu mo\u017ce odpowiada\u0107. *Brak zwrotu dotyczy kod\u00f3w jednorazowych niezb\u0119dnych do aktywacji aplikacji w przypadku licencji cyfrowych oraz us\u0142ugi wykonania druku 3d na zlecenie. Regulamin zwrot\u00f3w i reklamacji : Zwrot na adres : Optim-X Artur Orlecki nip : 7343528388 [&hellip;]<\/p>\n","protected":false},"author":1,"featured_media":0,"parent":0,"menu_order":0,"comment_status":"closed","ping_status":"closed","template":"","meta":{"footnotes":""},"class_list":["post-12","page","type-page","status-publish","hentry"],"_links":{"self":[{"href":"https:\/\/www.sklep.optim-x.pl\/index.php?rest_route=\/wp\/v2\/pages\/12","targetHints":{"allow":["GET"]}}],"collection":[{"href":"https:\/\/www.sklep.optim-x.pl\/index.php?rest_route=\/wp\/v2\/pages"}],"about":[{"href":"https:\/\/www.sklep.optim-x.pl\/index.php?rest_route=\/wp\/v2\/types\/page"}],"author":[{"embeddable":true,"href":"https:\/\/www.sklep.optim-x.pl\/index.php?rest_route=\/wp\/v2\/users\/1"}],"replies":[{"embeddable":true,"href":"https:\/\/www.sklep.optim-x.pl\/index.php?rest_route=%2Fwp%2Fv2%2Fcomments&post=12"}],"version-history":[{"count":9,"href":"https:\/\/www.sklep.optim-x.pl\/index.php?rest_route=\/wp\/v2\/pages\/12\/revisions"}],"predecessor-version":[{"id":376,"href":"https:\/\/www.sklep.optim-x.pl\/index.php?rest_route=\/wp\/v2\/pages\/12\/revisions\/376"}],"wp:attachment":[{"href":"https:\/\/www.sklep.optim-x.pl\/index.php?rest_route=%2Fwp%2Fv2%2Fmedia&parent=12"}],"curies":[{"name":"wp","href":"https:\/\/api.w.org\/{rel}","templated":true}]}}